{"id":205,"date":"2014-12-18T18:48:49","date_gmt":"2014-12-18T17:48:49","guid":{"rendered":"http:\/\/denise-maurer.schriftgut.ch\/?page_id=205"},"modified":"2023-03-05T13:39:34","modified_gmt":"2023-03-05T11:39:34","slug":"freier-fall","status":"publish","type":"page","link":"https:\/\/denise-maurer.schriftgut.ch\/?page_id=205","title":{"rendered":"Freier Fall"},"content":{"rendered":"<p style=\"margin-bottom: 4px;\"><strong>Roman | Arbeitstitel<\/strong><\/p>\n<p>Dieser Roman ist 2007 entstanden und wartet seither auf sein Finish \u2013 und den passenden Verlag.<strong><br \/>\n<\/strong><\/p>\n<h6><strong>Expos\u00e9 (Anfang)<\/strong><\/h6>\n<p>Eine nicht allt\u00e4gliche Beziehungsgeschichte, welche schon bald die Bahnen des Ertr\u00e4glichen verl\u00e4sst und von Sehnsucht nach Freiheit sowie von Angst und Mut erz\u00e4hlt, von Grenzen und wie sie \u00fcberschritten werden. Und vom Spr\u00fcngen aus der H\u00f6he.<\/p>\n<p>Umfang: ca. 210 Manuskriptseiten<\/p>\n<p><span style=\"font-family: Courier, monospace;\"><span style=\"font-size: small;\">Eine sch\u00fcchterne Frau, die eines Abends vor seinem Schaufenster steht und mit W\u00f6rtern jongliert, stellt Ivans Leben allm\u00e4hlich und nachhaltig auf den Kopf. Sein Leben, das bisher vor allem aus seinem Buchladen und ab und zu einem Feierabendbier, einen Konzert- oder Kinobesuch mit Freunden bestand. Und aus dem freundschaftlichen Kontakt zu seinen Eltern. Elena l\u00e4sst sich nur z\u00f6gerlich auf sein hartn\u00e4ckiges Werben ein, doch nach einigen Wochen sind die beiden ein Paar. Ivan f\u00fchlt sich bald mehr und mehr von Elenas Wutausbr\u00fcchen, depressiven Stimmungen und nicht nachvollziehbaren \u00c4ngsten \u00fcberfordert.<\/span><\/span><\/p>\n<p><span style=\"font-family: Courier, monospace;\"><span style=\"font-size: small;\">Als Ivan und Elena knapp ein Jahr zusammen sind, erleidet Elenas alkoholabh\u00e4ngige Mutter Emma einen Hirnschlag und stirbt nach wenigen Tagen. Elena k\u00e4mpft mit Erinnerungen, alten Verletzungen und Traumata aus ihrer Kindheit. Statt Trauer \u00fcber Emmas Tod empfindet sie Erleichterung. Schuldgef\u00fchle qu\u00e4len sie.<\/span><\/span><\/p>\n<p><span style=\"font-family: Courier, monospace;\"><span style=\"font-size: small;\">Nach Emmas Tod f\u00e4hrt sie fort, was sie zuvor begonnen hat: Sie will das Ph\u00e4nomen des freien Falles erfahren, um das als Kind erlebte Gef\u00fchl innerer Freiheit wiederzufinden. Sie lernt Fallschirmspringen. Ivan begleitet sie zum ersten Tandemflug. W\u00e4hrend es ihm kaum gelingt, die eigenen H\u00f6hen\u00e4ngste zu \u00fcberwinden, findet Elena nicht nur das gesuchte Gef\u00fchl von Freiheit, sondern auch neue Freunde und nie zuvor erlebte Nestw\u00e4rme.<\/span><\/span><\/p>\n<p><span style=\"font-family: Courier, monospace;\"><span style=\"font-size: small;\">Eifers\u00fcchtig auf Elenas Hobby, das seine Rolle als Partner und Besch\u00fctzer in Frage stellt, wird Ivan zusehends niedergeschlagener und denkt gar \u00fcber Trennung nach. Doch mit dem Ende der Fallschirmsaison kehren Elenas Depressionen zur\u00fcck. Die Beziehung wird nun erst recht zum Balanceakt.<\/span><\/span><\/p>\n<p><span style=\"font-family: Courier, monospace;\"><span style=\"font-size: small;\">Als der Fr\u00fchling lockt, verschwinden eines Tages Elena und ihr Fallschirm spurlos. [&#8230;]<br \/>\n<\/span><\/span><\/p>\n<p>(nein, alles wird hier nicht verraten &#8230;)<\/p>\n<p>+++++++++++++++++++++++<\/p>\n<p><em>\u00a9 by Denise Maurer<\/em><\/p>\n","protected":false},"excerpt":{"rendered":"<p>Roman | Arbeitstitel Dieser Roman ist 2007 entstanden und wartet seither auf sein Finish \u2013 und den passenden Verlag. Expos\u00e9 (Anfang) Eine nicht allt\u00e4gliche Beziehungsgeschichte, welche schon bald die Bahnen des Ertr\u00e4glichen verl\u00e4sst und von Sehnsucht nach Freiheit sowie von Angst und Mut erz\u00e4hlt, von Grenzen und wie sie \u00fcberschritten werden. Und vom Spr\u00fcngen aus&#8230;<\/p>\n","protected":false},"author":1,"featured_media":0,"parent":47,"menu_order":0,"comment_status":"open","ping_status":"closed","template":"nosidebar.php","meta":{"jetpack_post_was_ever_published":false,"footnotes":""},"class_list":["post-205","page","type-page","status-publish","hentry"],"jetpack_sharing_enabled":true,"jetpack_shortlink":"https:\/\/wp.me\/P5uejC-3j","jetpack-related-posts":[],"_links":{"self":[{"href":"https:\/\/denise-maurer.schriftgut.ch\/index.php?rest_route=\/wp\/v2\/pages\/205","targetHints":{"allow":["GET"]}}],"collection":[{"href":"https:\/\/denise-maurer.schriftgut.ch\/index.php?rest_route=\/wp\/v2\/pages"}],"about":[{"href":"https:\/\/denise-maurer.schriftgut.ch\/index.php?rest_route=\/wp\/v2\/types\/page"}],"author":[{"embeddable":true,"href":"https:\/\/denise-maurer.schriftgut.ch\/index.php?rest_route=\/wp\/v2\/users\/1"}],"replies":[{"embeddable":true,"href":"https:\/\/denise-maurer.schriftgut.ch\/index.php?rest_route=%2Fwp%2Fv2%2Fcomments&post=205"}],"version-history":[{"count":7,"href":"https:\/\/denise-maurer.schriftgut.ch\/index.php?rest_route=\/wp\/v2\/pages\/205\/revisions"}],"predecessor-version":[{"id":1054,"href":"https:\/\/denise-maurer.schriftgut.ch\/index.php?rest_route=\/wp\/v2\/pages\/205\/revisions\/1054"}],"up":[{"embeddable":true,"href":"https:\/\/denise-maurer.schriftgut.ch\/index.php?rest_route=\/wp\/v2\/pages\/47"}],"wp:attachment":[{"href":"https:\/\/denise-maurer.schriftgut.ch\/index.php?rest_route=%2Fwp%2Fv2%2Fmedia&parent=205"}],"curies":[{"name":"wp","href":"https:\/\/api.w.org\/{rel}","templated":true}]}}