{"id":241,"date":"2014-12-18T22:22:32","date_gmt":"2014-12-18T21:22:32","guid":{"rendered":"http:\/\/denise-maurer.schriftgut.ch\/?page_id=241"},"modified":"2023-03-05T13:39:34","modified_gmt":"2023-03-05T11:39:34","slug":"zur-quelle-hin","status":"publish","type":"page","link":"https:\/\/denise-maurer.schriftgut.ch\/?page_id=241","title":{"rendered":"Zur Quelle hin"},"content":{"rendered":"<p style=\"margin-bottom: 4px;\"><strong>Pilgertagebuch<\/strong><\/p>\n<p style=\"margin-bottom: 4px;\">Der Reuss nach s\u00fcdw\u00e4rts bis auf den Gotthard.<br \/>\nZu Fuss. Unterwegs zur eigenen Kraft.<\/p>\n<p style=\"text-align: left;\"><a href=\"https:\/\/denise-maurer.schriftgut.ch\/verlag\/\"><strong>Zur Quelle hin<\/strong><\/a><strong>, <\/strong>2014 erschienen bei <strong><a href=\"https:\/\/denise-maurer.schriftgut.ch\/verlag\/\">sosofeebooks<\/a>,<\/strong> gibt&#8217;s als<strong><a href=\"https:\/\/denise-maurer.schriftgut.ch\/verlag\/\"> eBook<\/a> <\/strong>und als<strong><a href=\"https:\/\/denise-maurer.schriftgut.ch\/verlag\/\"> PDF<\/a><\/strong>.<\/p>\n<h6>\u00dcber das Buch<\/h6>\n<p>Die Autorin und ihr Lebenspartner durchwandern w\u00e4hrend dreier Wochen die Schweiz von Nord nach S\u00fcd. Sie beginnen an der Reussm\u00fcndung in Windisch und suchen die Quelle dieses Flusses, die sie schlie\u00dflich auf dem Transit-Pass zur S\u00fcdschweiz, auf dem Gotthard, finden. Danach wandern die beiden weiter. Im Tessin besteigen sie Berge und lagern an wunderbaren Flussl\u00e4ufen. Das vorliegende Tagebuch gibt nicht nur die \u00e4u\u00dfere Reise wieder, sondern wird immer mehr zu einer Reise nach Innen, zu den Quellen der eigenen Kraft.<\/p>\n<h6 style=\"padding-left: 30px;\"><strong>Aus einer Buchbesprechung von Kai D\u00f6rfner<\/strong><\/h6>\n<p style=\"padding-left: 30px;\">\u00abDas Pilgertagebuch entsteht unterwegs am iPhone, wird zuhause nur wenig nachbearbeitet. Es atmet die Urspr\u00fcnglichkeit der direkten Aufzeichnung und schildert ohne romantisierende Sch\u00f6nf\u00e4rberei den durchaus beschwerlichen Start, die ungewohnte Anstrengung f\u00fcr F\u00fc\u00dfe und R\u00fccken. Dazu kommt, dass das Wetter w\u00e4hrend eines Gro\u00dfteils der\u00a0Wanderung unbest\u00e4ndig ist, Regen und Gewitter treue Begleiter der beiden Pilger sind. Doch das Wasser kommt nicht nur von oben, mit wahrer Lust werden die spontanen B\u00e4der im Fluss geschildert, Leib und W\u00e4sche waschend. Meist wird im Zelt \u00fcbernachtet, wild, auf Einladung auf Privatgrund oder auch einmal auf einem Camping, selten in einer Herberge oder einmal im Hotel. [&#8230;]<\/p>\n<p style=\"padding-left: 30px;\">[Das Buch] macht irgendwie Lust, es auch einmal mit solch einer Wanderung zu versuchen. Denn trotz der geschilderten k\u00f6rperlichen Anstrengung und den Wetter-Widrigkeiten klingt die Freude an der Pilger-Wanderung immer wieder durch. Auch wenn klar wird, dass diese Tour eben keine \u201eechte\u201c Pilgerreise ist, an der die Etappen festgeschrieben, die Herbergen obligatorisch und Reisebegleitung nie weit ist. <strong>Es ist und bleibt eine innere Pilgertour zu zweit.<\/strong> Aber es ist keine P\u00e4rchenerz\u00e4hlung, die Personen bleiben klar getrennt, die ich-Perspektive der Autorin wird nie aufgegeben. Aber es sind zwei, die harmonieren. Das f\u00fcr mich sch\u00f6nste Zitat aus dem Buch habe ich f\u00fcr die \u00dcberschrift gew\u00e4hlt, als J. zu Denise sagt: &#8218;Du strahlst so!&#8216;. Ihre Antwort: &#8218;Weil du so strahlst. Wenn alle immer zur\u00fcckstrahlen w\u00fcrden, w\u00e4re die Welt eine bessere.&#8217;\u00bb<\/p>\n<p style=\"padding-left: 30px;\">Quelle: <a href=\"http:\/\/kais-journal.de\/gelesen-zur-quelle-hin-pilgertagebuch\/\">http:\/\/kais-journal.de<\/a><\/p>\n<h6>\u00dcber die Autorin<\/h6>\n<p>Denise Maurer, 1965 in Aarau (Schweiz) geboren, arbeitete als P\u00e4dagogin, Buchh\u00e4ndlerin, Sachbearbeiterin, K\u00f6rpertherapeutin und im alternativen Gastgewerbe. Seit einigen Jahren ver\u00f6ffentlicht sie Kurzgeschichten, arbeitet an einer Romanserie, f\u00fcttert ein literarisch-philosophisches Blog und schreibt Artikel f\u00fcr Fachzeitschriften. Beruflich lektoriert, redigiert und korrigiert sie Texte anderer. W\u00f6rter sind ihre Leidenschaft, seit sie im Alter von drei Jahren die Buchstaben entdeckt hat.<\/p>\n<p style=\"text-align: center;\">Der nachfolgende Artikel \u00fcber die Pilgerreise ist in der Zeitschrift <strong><a href=\"http:\/\/spuren.ch\/\">SPUREN<\/a><\/strong> erschienen (Nr. 113\/Herbst 2014).<\/p>\n<p style=\"text-align: center;\"><em>Zum Vergr\u00f6ssern 2x auf das Bild klicken.<\/em><\/p>\n<p><a href=\"https:\/\/i0.wp.com\/schriftgut.ch\/wp-content\/uploads\/2014\/10\/SPUREN_auf-den-Gotthard_sw.jpg\"><img data-recalc-dims=\"1\" loading=\"lazy\" decoding=\"async\" class=\"size-medium wp-image-1653 aligncenter\" src=\"https:\/\/i0.wp.com\/schriftgut.ch\/wp-content\/uploads\/2014\/10\/SPUREN_auf-den-Gotthard_sw-354x480.jpg?resize=354%2C480\" alt=\"SPUREN_auf den Gotthard_sw\" width=\"354\" height=\"480\" \/><\/a><\/p>\n","protected":false},"excerpt":{"rendered":"<p>Pilgertagebuch Der Reuss nach s\u00fcdw\u00e4rts bis auf den Gotthard. Zu Fuss. Unterwegs zur eigenen Kraft. Zur Quelle hin, 2014 erschienen bei sosofeebooks, gibt&#8217;s als eBook und als PDF. \u00dcber das Buch Die Autorin und ihr Lebenspartner durchwandern w\u00e4hrend dreier Wochen die Schweiz von Nord nach S\u00fcd. Sie beginnen an der Reussm\u00fcndung in Windisch und suchen&#8230;<\/p>\n","protected":false},"author":1,"featured_media":0,"parent":47,"menu_order":1,"comment_status":"open","ping_status":"closed","template":"nosidebar.php","meta":{"jetpack_post_was_ever_published":false,"footnotes":""},"class_list":["post-241","page","type-page","status-publish","hentry"],"jetpack_sharing_enabled":true,"jetpack_shortlink":"https:\/\/wp.me\/P5uejC-3T","jetpack-related-posts":[],"_links":{"self":[{"href":"https:\/\/denise-maurer.schriftgut.ch\/index.php?rest_route=\/wp\/v2\/pages\/241","targetHints":{"allow":["GET"]}}],"collection":[{"href":"https:\/\/denise-maurer.schriftgut.ch\/index.php?rest_route=\/wp\/v2\/pages"}],"about":[{"href":"https:\/\/denise-maurer.schriftgut.ch\/index.php?rest_route=\/wp\/v2\/types\/page"}],"author":[{"embeddable":true,"href":"https:\/\/denise-maurer.schriftgut.ch\/index.php?rest_route=\/wp\/v2\/users\/1"}],"replies":[{"embeddable":true,"href":"https:\/\/denise-maurer.schriftgut.ch\/index.php?rest_route=%2Fwp%2Fv2%2Fcomments&post=241"}],"version-history":[{"count":17,"href":"https:\/\/denise-maurer.schriftgut.ch\/index.php?rest_route=\/wp\/v2\/pages\/241\/revisions"}],"predecessor-version":[{"id":939,"href":"https:\/\/denise-maurer.schriftgut.ch\/index.php?rest_route=\/wp\/v2\/pages\/241\/revisions\/939"}],"up":[{"embeddable":true,"href":"https:\/\/denise-maurer.schriftgut.ch\/index.php?rest_route=\/wp\/v2\/pages\/47"}],"wp:attachment":[{"href":"https:\/\/denise-maurer.schriftgut.ch\/index.php?rest_route=%2Fwp%2Fv2%2Fmedia&parent=241"}],"curies":[{"name":"wp","href":"https:\/\/api.w.org\/{rel}","templated":true}]}}